{"id":679,"date":"2024-04-22T10:43:51","date_gmt":"2024-04-22T14:43:51","guid":{"rendered":"https:\/\/signup.gfs.com\/?page_id=679"},"modified":"2024-04-22T10:44:34","modified_gmt":"2024-04-22T14:44:34","slug":"form-already-submitted","status":"publish","type":"page","link":"https:\/\/signup.gfs.com\/fr-ca\/formulaire-deja-soumis\/","title":{"rendered":"Formulaire d\u00e9j\u00e0 soumis"},"content":{"rendered":"<div data-elementor-type=\"wp-page\" data-elementor-id=\"679\" class=\"elementor elementor-679\" data-elementor-post-type=\"page\">\n\t\t\t\t\t\t<section class=\"elementor-section elementor-top-section elementor-element elementor-element-e9db032 elementor-section-full_width elementor-section-height-min-height elementor-section-items-stretch elementor-section-height-default\" data-id=\"e9db032\" data-element_type=\"section\" data-e-type=\"section\">\n\t\t\t\t\t\t<div class=\"elementor-container elementor-column-gap-default\">\n\t\t\t\t\t<div class=\"elementor-column elementor-col-50 elementor-top-column elementor-element elementor-element-ccce7b6\" data-id=\"ccce7b6\" data-element_type=\"column\" data-e-type=\"column\" data-settings=\"{&quot;background_background&quot;:&quot;classic&quot;}\">\n\t\t\t<div class=\"elementor-widget-wrap elementor-element-populated\">\n\t\t\t\t\t<div class=\"elementor-background-overlay\"><\/div>\n\t\t\t\t\t\t<div class=\"elementor-element elementor-element-0523124 elementor-widget elementor-widget-heading\" data-id=\"0523124\" data-element_type=\"widget\" data-e-type=\"widget\" data-widget_type=\"heading.default\">\n\t\t\t\t<div class=\"elementor-widget-container\">\n\t\t\t\t\t<h1 class=\"elementor-heading-title elementor-size-default\">Devenez l'un de nos clients d\u00e8s aujourd'hui<\/h1>\t\t\t\t<\/div>\n\t\t\t\t<\/div>\n\t\t\t\t<div class=\"elementor-element elementor-element-244209d elementor-widget elementor-widget-text-editor\" data-id=\"244209d\" data-element_type=\"widget\" data-e-type=\"widget\" data-widget_type=\"text-editor.default\">\n\t\t\t\t<div class=\"elementor-widget-container\">\n\t\t\t\t\t\t\t\t\t<div class=\"col-xl-5 pe-0\"><div class=\"bac-welcome shadow\"><p>Depuis plus de 125 ans, nous sommes motiv\u00e9s par des clients comme vous. En tant que plus grande entreprise familiale de services alimentaires, nous faisons ce que nous faisons le mieux pour aider votre entreprise \u00e0 progresser, tout en vous traitant comme un membre de la famille. Gr\u00e2ce \u00e0 l'excellence, \u00e0 l'expertise et aux aliments de qualit\u00e9, notre destination est votre succ\u00e8s, peu importe ce que cela signifie pour vous. Commen\u00e7ons par le commencement.<\/p><\/div><\/div>\t\t\t\t\t\t\t\t<\/div>\n\t\t\t\t<\/div>\n\t\t\t\t\t<\/div>\n\t\t<\/div>\n\t\t\t\t<div class=\"elementor-column elementor-col-50 elementor-top-column elementor-element elementor-element-20bc3e0\" data-id=\"20bc3e0\" data-element_type=\"column\" data-e-type=\"column\">\n\t\t\t<div class=\"elementor-widget-wrap elementor-element-populated\">\n\t\t\t\t\t\t<div class=\"elementor-element elementor-element-5e3768b elementor-widget elementor-widget-heading\" data-id=\"5e3768b\" data-element_type=\"widget\" data-e-type=\"widget\" data-widget_type=\"heading.default\">\n\t\t\t\t<div class=\"elementor-widget-container\">\n\t\t\t\t\t<h2 class=\"elementor-heading-title elementor-size-default\">Oups! Il semble que nous ayons d\u00e9j\u00e0 re\u00e7u votre demande.<\/h2>\t\t\t\t<\/div>\n\t\t\t\t<\/div>\n\t\t\t\t<div class=\"elementor-element elementor-element-984ad5c elementor-widget elementor-widget-text-editor\" data-id=\"984ad5c\" data-element_type=\"widget\" data-e-type=\"widget\" data-widget_type=\"text-editor.default\">\n\t\t\t\t<div class=\"elementor-widget-container\">\n\t\t\t\t\t\t\t\t\t<p>Notre \u00e9quipe travaille \u00e0 l'examiner et vous contactera bient\u00f4t!<\/p>\t\t\t\t\t\t\t\t<\/div>\n\t\t\t\t<\/div>\n\t\t\t\t\t<\/div>\n\t\t<\/div>\n\t\t\t\t\t<\/div>\n\t\t<\/section>\n\t\t\t\t<\/div>","protected":false},"excerpt":{"rendered":"<p>Become a Customer Today We have been driven by customers like you for over 125 years. As the largest family-owned business in foodservice, we do what we do best to help move your business forward, all while treating you like part of the family. Through excellence, expertise and quality foods, our destination is your success\u2014no [&hellip;]<\/p>\n","protected":false},"author":1,"featured_media":0,"parent":0,"menu_order":0,"comment_status":"closed","ping_status":"closed","template":"","meta":{"footnotes":""},"class_list":["post-679","page","type-page","status-publish","hentry"],"yoast_head":"<!-- This site is optimized with the Yoast SEO plugin v27.1.1 - https:\/\/yoast.com\/product\/yoast-seo-wordpress\/ -->\n<title>Form Already Submitted | Gordon Food Service<\/title>\n<meta name=\"robots\" content=\"noindex, follow, max-snippet:-1, max-image-preview:large, max-video-preview:-1\" \/>\n<meta property=\"og:locale\" content=\"fr_CA\" \/>\n<meta property=\"og:type\" content=\"article\" \/>\n<meta property=\"og:title\" content=\"Form Already Submitted | Gordon Food Service\" \/>\n<meta property=\"og:description\" content=\"Become a Customer Today We have been driven by customers like you for over 125 years. As the largest family-owned business in foodservice, we do what we do best to help move your business forward, all while treating you like part of the family. Through excellence, expertise and quality foods, our destination is your success\u2014no [&hellip;]\" \/>\n<meta property=\"og:url\" content=\"https:\/\/signup.gfs.com\/fr-ca\/formulaire-deja-soumis\/\" \/>\n<meta property=\"og:site_name\" content=\"Gordon Food Service\" \/>\n<meta property=\"article:modified_time\" content=\"2024-04-22T14:44:34+00:00\" \/>\n<meta name=\"twitter:card\" content=\"summary_large_image\" \/>\n<meta name=\"twitter:label1\" content=\"Estimation du temps de lecture\" \/>\n\t<meta name=\"twitter:data1\" content=\"1 minute\" \/>\n<script type=\"application\/ld+json\" class=\"yoast-schema-graph\">{\"@context\":\"https:\/\/schema.org\",\"@graph\":[{\"@type\":\"WebPage\",\"@id\":\"https:\/\/signup.gfs.com\/en-us\/form-already-submitted\/\",\"url\":\"https:\/\/signup.gfs.com\/en-us\/form-already-submitted\/\",\"name\":\"Form Already Submitted | Gordon Food Service\",\"isPartOf\":{\"@id\":\"https:\/\/signup.gfs.com\/en-us\/#website\"},\"datePublished\":\"2024-04-22T14:43:51+00:00\",\"dateModified\":\"2024-04-22T14:44:34+00:00\",\"breadcrumb\":{\"@id\":\"https:\/\/signup.gfs.com\/en-us\/form-already-submitted\/#breadcrumb\"},\"inLanguage\":\"fr-CA\",\"potentialAction\":[{\"@type\":\"ReadAction\",\"target\":[\"https:\/\/signup.gfs.com\/en-us\/form-already-submitted\/\"]}]},{\"@type\":\"BreadcrumbList\",\"@id\":\"https:\/\/signup.gfs.com\/en-us\/form-already-submitted\/#breadcrumb\",\"itemListElement\":[{\"@type\":\"ListItem\",\"position\":1,\"name\":\"Select a Form\",\"item\":\"https:\/\/signup.gfs.com\/en-us\/\"},{\"@type\":\"ListItem\",\"position\":2,\"name\":\"Form Already Submitted\"}]},{\"@type\":\"WebSite\",\"@id\":\"https:\/\/signup.gfs.com\/en-us\/#website\",\"url\":\"https:\/\/signup.gfs.com\/en-us\/\",\"name\":\"Gordon Food Service\",\"description\":\"\",\"publisher\":{\"@id\":\"https:\/\/signup.gfs.com\/en-us\/#organization\"},\"potentialAction\":[{\"@type\":\"SearchAction\",\"target\":{\"@type\":\"EntryPoint\",\"urlTemplate\":\"https:\/\/signup.gfs.com\/en-us\/?s={search_term_string}\"},\"query-input\":{\"@type\":\"PropertyValueSpecification\",\"valueRequired\":true,\"valueName\":\"search_term_string\"}}],\"inLanguage\":\"fr-CA\"},{\"@type\":\"Organization\",\"@id\":\"https:\/\/signup.gfs.com\/en-us\/#organization\",\"name\":\"Gordon Food Service\",\"url\":\"https:\/\/signup.gfs.com\/en-us\/\",\"logo\":{\"@type\":\"ImageObject\",\"inLanguage\":\"fr-CA\",\"@id\":\"https:\/\/signup.gfs.com\/en-us\/#\/schema\/logo\/image\/\",\"url\":\"https:\/\/signup.gfs.com\/wp-content\/uploads\/2022\/03\/logo.svg\",\"contentUrl\":\"https:\/\/signup.gfs.com\/wp-content\/uploads\/2022\/03\/logo.svg\",\"width\":159,\"height\":52,\"caption\":\"Gordon Food Service\"},\"image\":{\"@id\":\"https:\/\/signup.gfs.com\/en-us\/#\/schema\/logo\/image\/\"}}]}<\/script>\n<!-- \/ Yoast SEO plugin. -->","yoast_head_json":{"title":"Formulaire d\u00e9j\u00e0 soumis | Gordon Food Service","robots":{"index":"noindex","follow":"follow","max-snippet":"max-snippet:-1","max-image-preview":"max-image-preview:large","max-video-preview":"max-video-preview:-1"},"og_locale":"fr_CA","og_type":"article","og_title":"Form Already Submitted | Gordon Food Service","og_description":"Become a Customer Today We have been driven by customers like you for over 125 years. As the largest family-owned business in foodservice, we do what we do best to help move your business forward, all while treating you like part of the family. Through excellence, expertise and quality foods, our destination is your success\u2014no [&hellip;]","og_url":"https:\/\/signup.gfs.com\/fr-ca\/formulaire-deja-soumis\/","og_site_name":"Gordon Food Service","article_modified_time":"2024-04-22T14:44:34+00:00","twitter_card":"summary_large_image","twitter_misc":{"Estimation du temps de lecture":"1 minute"},"schema":{"@context":"https:\/\/schema.org","@graph":[{"@type":"WebPage","@id":"https:\/\/signup.gfs.com\/en-us\/form-already-submitted\/","url":"https:\/\/signup.gfs.com\/en-us\/form-already-submitted\/","name":"Formulaire d\u00e9j\u00e0 soumis | Gordon Food Service","isPartOf":{"@id":"https:\/\/signup.gfs.com\/en-us\/#website"},"datePublished":"2024-04-22T14:43:51+00:00","dateModified":"2024-04-22T14:44:34+00:00","breadcrumb":{"@id":"https:\/\/signup.gfs.com\/en-us\/form-already-submitted\/#breadcrumb"},"inLanguage":"fr-CA","potentialAction":[{"@type":"ReadAction","target":["https:\/\/signup.gfs.com\/en-us\/form-already-submitted\/"]}]},{"@type":"BreadcrumbList","@id":"https:\/\/signup.gfs.com\/en-us\/form-already-submitted\/#breadcrumb","itemListElement":[{"@type":"ListItem","position":1,"name":"Select a Form","item":"https:\/\/signup.gfs.com\/en-us\/"},{"@type":"ListItem","position":2,"name":"Form Already Submitted"}]},{"@type":"WebSite","@id":"https:\/\/signup.gfs.com\/en-us\/#website","url":"https:\/\/signup.gfs.com\/en-us\/","name":"Gordon Service Alimentaire","description":"","publisher":{"@id":"https:\/\/signup.gfs.com\/en-us\/#organization"},"potentialAction":[{"@type":"SearchAction","target":{"@type":"EntryPoint","urlTemplate":"https:\/\/signup.gfs.com\/en-us\/?s={search_term_string}"},"query-input":{"@type":"PropertyValueSpecification","valueRequired":true,"valueName":"search_term_string"}}],"inLanguage":"fr-CA"},{"@type":"Organization","@id":"https:\/\/signup.gfs.com\/en-us\/#organization","name":"Gordon Service Alimentaire","url":"https:\/\/signup.gfs.com\/en-us\/","logo":{"@type":"ImageObject","inLanguage":"fr-CA","@id":"https:\/\/signup.gfs.com\/en-us\/#\/schema\/logo\/image\/","url":"https:\/\/signup.gfs.com\/wp-content\/uploads\/2022\/03\/logo.svg","contentUrl":"https:\/\/signup.gfs.com\/wp-content\/uploads\/2022\/03\/logo.svg","width":159,"height":52,"caption":"Gordon Food Service"},"image":{"@id":"https:\/\/signup.gfs.com\/en-us\/#\/schema\/logo\/image\/"}}]}},"_links":{"self":[{"href":"https:\/\/signup.gfs.com\/fr-ca\/wp-json\/wp\/v2\/pages\/679","targetHints":{"allow":["GET"]}}],"collection":[{"href":"https:\/\/signup.gfs.com\/fr-ca\/wp-json\/wp\/v2\/pages"}],"about":[{"href":"https:\/\/signup.gfs.com\/fr-ca\/wp-json\/wp\/v2\/types\/page"}],"author":[{"embeddable":true,"href":"https:\/\/signup.gfs.com\/fr-ca\/wp-json\/wp\/v2\/users\/1"}],"replies":[{"embeddable":true,"href":"https:\/\/signup.gfs.com\/fr-ca\/wp-json\/wp\/v2\/comments?post=679"}],"version-history":[{"count":4,"href":"https:\/\/signup.gfs.com\/fr-ca\/wp-json\/wp\/v2\/pages\/679\/revisions"}],"predecessor-version":[{"id":684,"href":"https:\/\/signup.gfs.com\/fr-ca\/wp-json\/wp\/v2\/pages\/679\/revisions\/684"}],"wp:attachment":[{"href":"https:\/\/signup.gfs.com\/fr-ca\/wp-json\/wp\/v2\/media?parent=679"}],"curies":[{"name":"wp","href":"https:\/\/api.w.org\/{rel}","templated":true}]}}